{"id":217,"date":"2025-02-20T12:25:18","date_gmt":"2025-02-20T12:25:18","guid":{"rendered":"https:\/\/espacioeducativointegral.com\/?page_id=217"},"modified":"2025-08-07T13:52:57","modified_gmt":"2025-08-07T13:52:57","slug":"elementor-217","status":"publish","type":"page","link":"https:\/\/espacioeducativointegral.com\/?page_id=217","title":{"rendered":"Nuestro enfoque"},"content":{"rendered":"\t\t<div data-elementor-type=\"wp-page\" data-elementor-id=\"217\" class=\"elementor elementor-217\">\n\t\t\t\t<div class=\"elementor-element elementor-element-78ce140 e-flex e-con-boxed e-con e-parent\" data-id=\"78ce140\" data-element_type=\"container\">\n\t\t\t\t\t<div class=\"e-con-inner\">\n\t\t\t\t<div class=\"elementor-element elementor-element-17ddbd2 elementor-widget elementor-widget-text-editor\" data-id=\"17ddbd2\" data-element_type=\"widget\" data-widget_type=\"text-editor.default\">\n\t\t\t\t<div class=\"elementor-widget-container\">\n\t\t\t\t\t\t\t\t\t<p><span style=\"letter-spacing: 1.3px;\">Nuestro enfoque y Valores<\/span><\/p>\t\t\t\t\t\t\t\t<\/div>\n\t\t\t\t<\/div>\n\t\t\t\t\t<\/div>\n\t\t\t\t<\/div>\n\t\t<div class=\"elementor-element elementor-element-5d758ff e-flex e-con-boxed e-con e-parent\" data-id=\"5d758ff\" data-element_type=\"container\">\n\t\t\t\t\t<div class=\"e-con-inner\">\n\t\t\t\t<div class=\"elementor-element elementor-element-8581d4a elementor-widget elementor-widget-text-editor\" data-id=\"8581d4a\" data-element_type=\"widget\" data-widget_type=\"text-editor.default\">\n\t\t\t\t<div class=\"elementor-widget-container\">\n\t\t\t\t\t\t\t\t\t<p><span style=\"text-align: var(--text-align);\"><span style=\"font-family: var( --e-global-typography-text-font-family ), Sans-serif;\"><span style=\"font-size: 1rem;\">\u00a0<\/span><\/span><\/span><\/p><p><span style=\"text-align: var(--text-align);\">Nuestra labor diaria se sostiene en los siguientes pilares:\u00a0<\/span><\/p><p>Ofrecer un <strong>espacio educativo inclusivo.<\/strong> Entendiendo que la inclusi\u00f3n deviene de la consideraci\u00f3n de cada uno de nuestros alumnos como seres \u00fanicos, con singularidades y necesidades que merecen ser atendidas\u00a0<\/p><p>Brindar un <strong>entorno f\u00edsico y emocional seguro<\/strong> que permita que el desarrollo integral y el aprendizaje de cada ni\u00f1o\/a se exprese en su m\u00e1ximo potencial\u00a0<\/p><p>Generar espacios y actividades que se enmarquen en ciertos valores directrices, que persiguen como objetivo el <strong>fortalecimiento de seres seguros de s\u00ed mismos, as\u00ed como tolerantes consigo mismo y con su entorno<\/strong><\/p><p>Lograr que cada ser que habita nuestra instituci\u00f3n se sienta querido, contenido, y concebido como el ser especial y valioso que es<\/p>\t\t\t\t\t\t\t\t<\/div>\n\t\t\t\t<\/div>\n\t\t\t\t\t<\/div>\n\t\t\t\t<\/div>\n\t\t<div class=\"elementor-element elementor-element-61e6ed7 e-con-full e-flex e-con e-parent\" data-id=\"61e6ed7\" data-element_type=\"container\" data-settings=\"{&quot;background_background&quot;:&quot;classic&quot;}\">\n\t\t<div class=\"elementor-element elementor-element-2bc22df e-con-full e-flex e-con e-child\" data-id=\"2bc22df\" data-element_type=\"container\">\n\t\t\t\t<div class=\"elementor-element elementor-element-0e572e5 elementor-widget elementor-widget-text-editor\" data-id=\"0e572e5\" data-element_type=\"widget\" data-widget_type=\"text-editor.default\">\n\t\t\t\t<div class=\"elementor-widget-container\">\n\t\t\t\t\t\t\t\t\t<p><span style=\"text-align: var(--text-align);\">INCLUSION<\/span><\/p><p>Uno de nuestros principales objetivos es ofrecer un entorno que considere la singularidad de necesidades, contexto, e intereses, de cada uno de nuestros alumnos, con el fin de garantizar las condiciones propicias para que el desarrollo y el proceso de aprendizaje de cada uno pueda expresarse en su m\u00e1xima potencialidad<\/p><p>En esa l\u00ednea, trabajamos con grupos peque\u00f1os que nos permiten conocer en profundidad a cada ni\u00f1o\/a y garantizar la creaci\u00f3n de una curr\u00edcula y un acompa\u00f1amiento que contemple sus singularidades<\/p><p>Al proponer un entorno inclusivo no pretendemos que los ni\u00f1os\/as se adapten a un sistema educativo estandarizado, sino que contemplamos y nos adecuamos a las necesidades especificas expresadas en todas las \u00e1reas del desarrollo: cognitivas, psicomotrices, fonoaudiol\u00f3gicas, afectivas y sociales<\/p><p>Para materializar lo antedicho contamos con orientaci\u00f3n psicol\u00f3gica y psicopedag\u00f3gica a nivel interno. Al tiempo que buscamos activamente trabajar de modo interdisciplinario con los t\u00e9cnicos externos que tambi\u00e9n acompa\u00f1an a nuestros alumnos<\/p><p><span style=\"text-align: var(--text-align);\">De igual modo, buscamos establecer un v\u00ednculo cercano y de confianza con las familias, con el objetivo de poder apuntalar momentos o contextos especiales que necesiten de nuestro sost\u00e9n, as\u00ed como para lograr la unificaci\u00f3n de ciertos criterios de trabajo cuando existen necesidades que ameritan ser consideradas por todos los agentes involucrados en el desarrollo de los ni\u00f1os\/as<\/span><\/p>\t\t\t\t\t\t\t\t<\/div>\n\t\t\t\t<\/div>\n\t\t\t\t<\/div>\n\t\t<div class=\"elementor-element elementor-element-bf46bec e-con-full e-flex e-con e-child\" data-id=\"bf46bec\" data-element_type=\"container\" data-settings=\"{&quot;background_background&quot;:&quot;classic&quot;}\">\n\t\t\t\t<div class=\"elementor-element elementor-element-d98baa2 elementor-widget elementor-widget-image\" data-id=\"d98baa2\" data-element_type=\"widget\" data-widget_type=\"image.default\">\n\t\t\t\t<div class=\"elementor-widget-container\">\n\t\t\t\t\t\t\t\t\t\t\t\t\t\t\t<img fetchpriority=\"high\" decoding=\"async\" width=\"740\" height=\"987\" src=\"https:\/\/espacioeducativointegral.com\/wp-content\/uploads\/2025\/02\/Untitled-design-5-768x1024.png\" class=\"attachment-medium_large size-medium_large wp-image-261\" alt=\"\" srcset=\"https:\/\/espacioeducativointegral.com\/wp-content\/uploads\/2025\/02\/Untitled-design-5-768x1024.png 768w, https:\/\/espacioeducativointegral.com\/wp-content\/uploads\/2025\/02\/Untitled-design-5-225x300.png 225w, https:\/\/espacioeducativointegral.com\/wp-content\/uploads\/2025\/02\/Untitled-design-5-1152x1536.png 1152w, https:\/\/espacioeducativointegral.com\/wp-content\/uploads\/2025\/02\/Untitled-design-5.png 1200w\" sizes=\"100vw\" \/>\t\t\t\t\t\t\t\t\t\t\t\t\t\t\t<\/div>\n\t\t\t\t<\/div>\n\t\t\t\t<\/div>\n\t\t\t\t<\/div>\n\t\t<div class=\"elementor-element elementor-element-b155279 e-flex e-con-boxed e-con e-parent\" data-id=\"b155279\" data-element_type=\"container\" data-settings=\"{&quot;background_background&quot;:&quot;classic&quot;}\">\n\t\t\t\t\t<div class=\"e-con-inner\">\n\t\t\t\t<div class=\"elementor-element elementor-element-28e4bc5 elementor-align-center elementor-widget elementor-widget-button\" data-id=\"28e4bc5\" data-element_type=\"widget\" data-widget_type=\"button.default\">\n\t\t\t\t<div class=\"elementor-widget-container\">\n\t\t\t\t\t\t\t\t\t<div class=\"elementor-button-wrapper\">\n\t\t\t\t\t<a class=\"elementor-button elementor-button-link elementor-size-sm\" href=\"https:\/\/espacioeducativointegral.com\/?page_id=502\">\n\t\t\t\t\t\t<span class=\"elementor-button-content-wrapper\">\n\t\t\t\t\t\t\t\t\t<span class=\"elementor-button-text\">CONTACTANOS<\/span>\n\t\t\t\t\t<\/span>\n\t\t\t\t\t<\/a>\n\t\t\t\t<\/div>\n\t\t\t\t\t\t\t\t<\/div>\n\t\t\t\t<\/div>\n\t\t\t\t\t<\/div>\n\t\t\t\t<\/div>\n\t\t<div class=\"elementor-element elementor-element-5ef9dd4 e-con-full e-flex e-con e-parent\" data-id=\"5ef9dd4\" data-element_type=\"container\" data-settings=\"{&quot;background_background&quot;:&quot;classic&quot;}\">\n\t\t<div class=\"elementor-element elementor-element-fe74224 e-con-full e-flex e-con e-child\" data-id=\"fe74224\" data-element_type=\"container\">\n\t\t\t\t<div class=\"elementor-element elementor-element-ac8f1fe elementor-widget__width-auto elementor-widget elementor-widget-image\" data-id=\"ac8f1fe\" data-element_type=\"widget\" data-widget_type=\"image.default\">\n\t\t\t\t<div class=\"elementor-widget-container\">\n\t\t\t\t\t\t\t\t\t\t\t\t\t\t\t<img decoding=\"async\" width=\"1200\" height=\"1600\" src=\"https:\/\/espacioeducativointegral.com\/wp-content\/uploads\/2025\/02\/cole.jpeg\" class=\"attachment-full size-full wp-image-560\" alt=\"\" srcset=\"https:\/\/espacioeducativointegral.com\/wp-content\/uploads\/2025\/02\/cole.jpeg 1200w, https:\/\/espacioeducativointegral.com\/wp-content\/uploads\/2025\/02\/cole-225x300.jpeg 225w, https:\/\/espacioeducativointegral.com\/wp-content\/uploads\/2025\/02\/cole-768x1024.jpeg 768w, https:\/\/espacioeducativointegral.com\/wp-content\/uploads\/2025\/02\/cole-1152x1536.jpeg 1152w\" sizes=\"100vw\" \/>\t\t\t\t\t\t\t\t\t\t\t\t\t\t\t<\/div>\n\t\t\t\t<\/div>\n\t\t\t\t<\/div>\n\t\t<div class=\"elementor-element elementor-element-2428b10 e-con-full e-flex e-con e-child\" data-id=\"2428b10\" data-element_type=\"container\">\n\t\t<div class=\"elementor-element elementor-element-2b8c5de e-con-full e-flex e-con e-child\" data-id=\"2b8c5de\" data-element_type=\"container\">\n\t\t\t\t<div class=\"elementor-element elementor-element-82d5de4 elementor-widget elementor-widget-text-editor\" data-id=\"82d5de4\" data-element_type=\"widget\" data-widget_type=\"text-editor.default\">\n\t\t\t\t<div class=\"elementor-widget-container\">\n\t\t\t\t\t\t\t\t\t<p>APRENDER EN UN ENTORNO SEGURO<\/p><p>Como instituci\u00f3n creemos que para que el proceso educativo pueda desenvolverse en su m\u00e1ximo potencial es necesario generar un entorno donde el ni\u00f1o\/a se sienta seguro y atra\u00eddo hacia aquel aprendizaje al que se est\u00e1 aproximando<\/p><p>Es necesario que pueda sentirse protagonista de sus aprendizajes, que los mismos est\u00e9n alineados a su contexto, intereses, conocimientos y competencias previas<\/p><p>Entendemos crucial que el aprendizaje pueda darse no solo desde un procesamiento mental sino principalmente vivencial y en consonancia a la cotidianeidad de los estudiantes<\/p><p>Entendemos fundamental involucrar y potenciar la experimentaci\u00f3n a trav\u00e9s de todos los sentidos, a trav\u00e9s del movimiento e involucramiento corporal. Incluir y fomentar el disfrute, la curiosidad, el deseo de aprender, el juego. Logrando de este modo, no solo el incremento de aprendizajes concretos, sino tambi\u00e9n la potenciaci\u00f3n de las distintas \u00e1reas de su desarrollo, de la creatividad, de la autoconfianza y seguridad en si mismo, as\u00ed como la seguridad en la interacci\u00f3n con su entorno<\/p><p>\u00a0<\/p>\t\t\t\t\t\t\t\t<\/div>\n\t\t\t\t<\/div>\n\t\t\t\t<\/div>\n\t\t\t\t<\/div>\n\t\t\t\t<\/div>\n\t\t<div class=\"elementor-element elementor-element-95a4ab8 e-flex e-con-boxed e-con e-parent\" data-id=\"95a4ab8\" data-element_type=\"container\">\n\t\t\t\t\t<div class=\"e-con-inner\">\n\t\t\t\t\t<\/div>\n\t\t\t\t<\/div>\n\t\t<div class=\"elementor-element elementor-element-93aa17c e-con-full e-flex e-con e-parent\" data-id=\"93aa17c\" data-element_type=\"container\" data-settings=\"{&quot;background_background&quot;:&quot;classic&quot;}\">\n\t\t<div class=\"elementor-element elementor-element-784a0c2 e-con-full e-flex e-con e-child\" data-id=\"784a0c2\" data-element_type=\"container\">\n\t\t\t\t<div class=\"elementor-element elementor-element-3fde920 elementor-widget elementor-widget-text-editor\" data-id=\"3fde920\" data-element_type=\"widget\" data-widget_type=\"text-editor.default\">\n\t\t\t\t<div class=\"elementor-widget-container\">\n\t\t\t\t\t\t\t\t\t<p>NUESTRA VISION<\/p>\n<p>Como centro educativo buscamos lograr un cambio en el mundo a trav\u00e9s de la educaci\u00f3n integral de calidad, acercando nuestros servicios a aquellas familias de nivel socioecon\u00f3mico medio que buscan un espacio de referencia donde poder confiar la ense\u00f1anza de sus hijos<\/p>\n<p>Buscamos brindar una propuesta educativa que promueva la formaci\u00f3n de sujetos activos, solidarios y tolerantes consigo mismos, con los otros, y con su ambiente<\/p>\n<p>Nos atraviesan valores como el respeto a la diversidad, la compasi\u00f3n, la solidaridad<\/p>\n<p>Entendemos que dichos valores no son posibles de transmitir desde la oralidad sino que son interiorizados desde la plena convivencia con ellos. Por dicho motivo le otorgamos un lugar central al fortalecimiento de las habilidades intra e interpersonales, propiciando el desarrollo de seres que confien en su ser, y que al mismo tiempo puedan convivir con otros desde la tolerancia y la empat\u00eda<\/p>\n<p>Como centro educativo le damos un lugar central a la afectividad. Por ello, ver\u00e1s desde tu acercamiento a las puertas de nuestro colegio que siempre existe un abrazo, una sonrisa, y una mirada afectuosa y disponible para todo aquel que habita nuestros espacios<\/p>\t\t\t\t\t\t\t\t<\/div>\n\t\t\t\t<\/div>\n\t\t\t\t<\/div>\n\t\t<div class=\"elementor-element elementor-element-8f04d0c e-con-full e-flex e-con e-child\" data-id=\"8f04d0c\" data-element_type=\"container\">\n\t\t\t\t<div class=\"elementor-element elementor-element-4054fa5 elementor-widget elementor-widget-image\" data-id=\"4054fa5\" data-element_type=\"widget\" data-widget_type=\"image.default\">\n\t\t\t\t<div class=\"elementor-widget-container\">\n\t\t\t\t\t\t\t\t\t\t\t\t\t\t\t<img decoding=\"async\" width=\"740\" height=\"740\" src=\"https:\/\/espacioeducativointegral.com\/wp-content\/uploads\/2025\/02\/Untitled-design-20.png\" class=\"attachment-large size-large wp-image-623\" alt=\"\" srcset=\"https:\/\/espacioeducativointegral.com\/wp-content\/uploads\/2025\/02\/Untitled-design-20.png 800w, https:\/\/espacioeducativointegral.com\/wp-content\/uploads\/2025\/02\/Untitled-design-20-300x300.png 300w, https:\/\/espacioeducativointegral.com\/wp-content\/uploads\/2025\/02\/Untitled-design-20-150x150.png 150w, https:\/\/espacioeducativointegral.com\/wp-content\/uploads\/2025\/02\/Untitled-design-20-768x768.png 768w, https:\/\/espacioeducativointegral.com\/wp-content\/uploads\/2025\/02\/Untitled-design-20-100x100.png 100w\" sizes=\"100vw\" \/>\t\t\t\t\t\t\t\t\t\t\t\t\t\t\t<\/div>\n\t\t\t\t<\/div>\n\t\t\t\t<\/div>\n\t\t\t\t<\/div>\n\t\t<div class=\"elementor-element elementor-element-30d0141 e-flex e-con-boxed e-con e-parent\" data-id=\"30d0141\" data-element_type=\"container\" data-settings=\"{&quot;background_background&quot;:&quot;classic&quot;}\">\n\t\t\t\t\t<div class=\"e-con-inner\">\n\t\t\t\t<div class=\"elementor-element elementor-element-d4cc69a elementor-align-center elementor-widget elementor-widget-button\" data-id=\"d4cc69a\" data-element_type=\"widget\" data-widget_type=\"button.default\">\n\t\t\t\t<div class=\"elementor-widget-container\">\n\t\t\t\t\t\t\t\t\t<div class=\"elementor-button-wrapper\">\n\t\t\t\t\t<a class=\"elementor-button elementor-button-link elementor-size-sm\" href=\"https:\/\/espacioeducativointegral.com\/?page_id=506\">\n\t\t\t\t\t\t<span class=\"elementor-button-content-wrapper\">\n\t\t\t\t\t\t\t\t\t<span class=\"elementor-button-text\">QUI\u00c9NES SOMOS<\/span>\n\t\t\t\t\t<\/span>\n\t\t\t\t\t<\/a>\n\t\t\t\t<\/div>\n\t\t\t\t\t\t\t\t<\/div>\n\t\t\t\t<\/div>\n\t\t\t\t\t<\/div>\n\t\t\t\t<\/div>\n\t\t<div class=\"elementor-element elementor-element-bbe6ca2 e-flex e-con-boxed e-con e-parent\" data-id=\"bbe6ca2\" data-element_type=\"container\" data-settings=\"{&quot;background_background&quot;:&quot;classic&quot;}\">\n\t\t\t\t\t<div class=\"e-con-inner\">\n\t\t\t\t<div class=\"elementor-element elementor-element-36a7324 elementor-widget elementor-widget-text-editor\" data-id=\"36a7324\" data-element_type=\"widget\" data-widget_type=\"text-editor.default\">\n\t\t\t\t<div class=\"elementor-widget-container\">\n\t\t\t\t\t\t\t\t\t<p>Esos mensajes que nos hacen confiar cada d\u00eda m\u00e1s en lo que creemos&#8230;<\/p>\t\t\t\t\t\t\t\t<\/div>\n\t\t\t\t<\/div>\n\t\t\t\t\t<\/div>\n\t\t\t\t<\/div>\n\t\t<div class=\"elementor-element elementor-element-a96e5f2 e-con-full e-flex e-con e-parent\" data-id=\"a96e5f2\" data-element_type=\"container\" data-settings=\"{&quot;background_background&quot;:&quot;classic&quot;}\">\n\t\t<div class=\"elementor-element elementor-element-4615bd2 e-con-full e-flex e-con e-child\" data-id=\"4615bd2\" data-element_type=\"container\">\n\t\t\t\t<div class=\"elementor-element elementor-element-2a49b9f elementor-widget elementor-widget-text-editor\" data-id=\"2a49b9f\" data-element_type=\"widget\" data-widget_type=\"text-editor.default\">\n\t\t\t\t<div class=\"elementor-widget-container\">\n\t\t\t\t\t\t\t\t\t<p><em style=\"color: var( --e-global-color-secondary ); font-size: 1rem; background-color: var( --e-global-color-primary );\">\u201c(Mi hija se sinti\u00f3) super apoyada y acompa\u00f1ada en cada etapa de su vida\u201d<\/em><span style=\"color: var( --e-global-color-secondary ); font-size: 1rem; background-color: var( --e-global-color-primary );\">&nbsp;&nbsp;<\/span><\/p>\n<p><em>\u201cSon una instituci\u00f3n que aparte de ense\u00f1ar son familia. Se interesan mucho en cada problema tanto del ni\u00f1o o de las familias y por sobre todo de que sean ni\u00f1os muy felices\u201d<\/em><\/p>\t\t\t\t\t\t\t\t<\/div>\n\t\t\t\t<\/div>\n\t\t\t\t<\/div>\n\t\t<div class=\"elementor-element elementor-element-7d70eea e-con-full e-flex e-con e-child\" data-id=\"7d70eea\" data-element_type=\"container\">\n\t\t\t\t<div class=\"elementor-element elementor-element-90f36fe elementor-widget__width-initial elementor-widget elementor-widget-image\" data-id=\"90f36fe\" data-element_type=\"widget\" data-widget_type=\"image.default\">\n\t\t\t\t<div class=\"elementor-widget-container\">\n\t\t\t\t\t\t\t\t\t\t\t\t\t\t\t<img loading=\"lazy\" decoding=\"async\" width=\"150\" height=\"150\" src=\"https:\/\/espacioeducativointegral.com\/wp-content\/uploads\/2025\/02\/Untitled-design-150x150.jpg\" class=\"attachment-thumbnail size-thumbnail wp-image-113\" alt=\"\" srcset=\"https:\/\/espacioeducativointegral.com\/wp-content\/uploads\/2025\/02\/Untitled-design-150x150.jpg 150w, https:\/\/espacioeducativointegral.com\/wp-content\/uploads\/2025\/02\/Untitled-design-300x300.jpg 300w, https:\/\/espacioeducativointegral.com\/wp-content\/uploads\/2025\/02\/Untitled-design.jpg 512w\" sizes=\"100vw\" \/>\t\t\t\t\t\t\t\t\t\t\t\t\t\t\t<\/div>\n\t\t\t\t<\/div>\n\t\t\t\t<\/div>\n\t\t\t\t<\/div>\n\t\t\t\t<\/div>\n\t\t","protected":false},"excerpt":{"rendered":"<p>Nuestro enfoque y Valores \u00a0 Nuestra labor diaria se sostiene en los siguientes pilares:\u00a0 Ofrecer un espacio educativo inclusivo. Entendiendo que la inclusi\u00f3n deviene de la consideraci\u00f3n de cada uno de nuestros alumnos como seres \u00fanicos, con singularidades y necesidades que merecen ser atendidas\u00a0 Brindar un entorno f\u00edsico y emocional seguro que permita que el &hellip; <\/p>\n<p class=\"link-more\"><a href=\"https:\/\/espacioeducativointegral.com\/?page_id=217\" class=\"more-link\">Continuar leyendo<span class=\"screen-reader-text\"> \u00abNuestro enfoque\u00bb<\/span><\/a><\/p>\n","protected":false},"author":1,"featured_media":0,"parent":0,"menu_order":0,"comment_status":"closed","ping_status":"closed","template":"","meta":{"footnotes":""},"class_list":["post-217","page","type-page","status-publish","hentry"],"featured_media_urls":[],"_links":{"self":[{"href":"https:\/\/espacioeducativointegral.com\/index.php?rest_route=\/wp\/v2\/pages\/217","targetHints":{"allow":["GET"]}}],"collection":[{"href":"https:\/\/espacioeducativointegral.com\/index.php?rest_route=\/wp\/v2\/pages"}],"about":[{"href":"https:\/\/espacioeducativointegral.com\/index.php?rest_route=\/wp\/v2\/types\/page"}],"author":[{"embeddable":true,"href":"https:\/\/espacioeducativointegral.com\/index.php?rest_route=\/wp\/v2\/users\/1"}],"replies":[{"embeddable":true,"href":"https:\/\/espacioeducativointegral.com\/index.php?rest_route=%2Fwp%2Fv2%2Fcomments&post=217"}],"version-history":[{"count":117,"href":"https:\/\/espacioeducativointegral.com\/index.php?rest_route=\/wp\/v2\/pages\/217\/revisions"}],"predecessor-version":[{"id":1087,"href":"https:\/\/espacioeducativointegral.com\/index.php?rest_route=\/wp\/v2\/pages\/217\/revisions\/1087"}],"wp:attachment":[{"href":"https:\/\/espacioeducativointegral.com\/index.php?rest_route=%2Fwp%2Fv2%2Fmedia&parent=217"}],"curies":[{"name":"wp","href":"https:\/\/api.w.org\/{rel}","templated":true}]}}