{"id":321,"date":"2025-02-21T07:39:19","date_gmt":"2025-02-21T07:39:19","guid":{"rendered":"https:\/\/espacioeducativointegral.com\/?page_id=321"},"modified":"2025-08-07T13:47:42","modified_gmt":"2025-08-07T13:47:42","slug":"elementor-pagina-321","status":"publish","type":"page","link":"https:\/\/espacioeducativointegral.com\/?page_id=321","title":{"rendered":"Talleres y Servicios"},"content":{"rendered":"\t\t<div data-elementor-type=\"wp-page\" data-elementor-id=\"321\" class=\"elementor elementor-321\">\n\t\t\t\t<div class=\"elementor-element elementor-element-8f0a557 e-con-full e-flex e-con e-parent\" data-id=\"8f0a557\" data-element_type=\"container\">\n\t\t\t\t<div class=\"elementor-element elementor-element-a7514b3 elementor-widget elementor-widget-text-editor\" data-id=\"a7514b3\" data-element_type=\"widget\" data-widget_type=\"text-editor.default\">\n\t\t\t\t<div class=\"elementor-widget-container\">\n\t\t\t\t\t\t\t\t\t<p>Talleres y Servicios<\/p>\t\t\t\t\t\t\t\t<\/div>\n\t\t\t\t<\/div>\n\t\t\t\t<\/div>\n\t\t<div class=\"elementor-element elementor-element-55d1848 e-con-full e-flex e-con e-parent\" data-id=\"55d1848\" data-element_type=\"container\" data-settings=\"{&quot;background_background&quot;:&quot;classic&quot;}\">\n\t\t\t\t<div class=\"elementor-element elementor-element-d87d24f elementor-widget elementor-widget-spacer\" data-id=\"d87d24f\" data-element_type=\"widget\" data-widget_type=\"spacer.default\">\n\t\t\t\t<div class=\"elementor-widget-container\">\n\t\t\t\t\t\t\t<div class=\"elementor-spacer\">\n\t\t\t<div class=\"elementor-spacer-inner\"><\/div>\n\t\t<\/div>\n\t\t\t\t\t\t<\/div>\n\t\t\t\t<\/div>\n\t\t\t\t<div class=\"elementor-element elementor-element-6fe9541 elementor-widget elementor-widget-button\" data-id=\"6fe9541\" data-element_type=\"widget\" data-widget_type=\"button.default\">\n\t\t\t\t<div class=\"elementor-widget-container\">\n\t\t\t\t\t\t\t\t\t<div class=\"elementor-button-wrapper\">\n\t\t\t\t\t<a class=\"elementor-button elementor-button-link elementor-size-sm\" href=\"https:\/\/espacioeducativointegral.com\/?page_id=502\">\n\t\t\t\t\t\t<span class=\"elementor-button-content-wrapper\">\n\t\t\t\t\t\t\t\t\t<span class=\"elementor-button-text\">CONTACTANOS<\/span>\n\t\t\t\t\t<\/span>\n\t\t\t\t\t<\/a>\n\t\t\t\t<\/div>\n\t\t\t\t\t\t\t\t<\/div>\n\t\t\t\t<\/div>\n\t\t\t\t<div class=\"elementor-element elementor-element-a089e0f elementor-widget elementor-widget-spacer\" data-id=\"a089e0f\" data-element_type=\"widget\" data-widget_type=\"spacer.default\">\n\t\t\t\t<div class=\"elementor-widget-container\">\n\t\t\t\t\t\t\t<div class=\"elementor-spacer\">\n\t\t\t<div class=\"elementor-spacer-inner\"><\/div>\n\t\t<\/div>\n\t\t\t\t\t\t<\/div>\n\t\t\t\t<\/div>\n\t\t\t\t<div class=\"elementor-element elementor-element-d810343 elementor-widget elementor-widget-text-editor\" data-id=\"d810343\" data-element_type=\"widget\" data-widget_type=\"text-editor.default\">\n\t\t\t\t<div class=\"elementor-widget-container\">\n\t\t\t\t\t\t\t\t\t<p>LEMA 2025: <strong><em>\u00a0Por la paz y la confianza en el mundo.<\/em><\/strong><\/p><p>A\u00d1O INTERNACIONAL DE LA CIENCIA Y LA TECNOLOGIA CUANTICA<\/p>\t\t\t\t\t\t\t\t<\/div>\n\t\t\t\t<\/div>\n\t\t\t\t<\/div>\n\t\t<div class=\"elementor-element elementor-element-178c418 e-flex e-con-boxed e-con e-parent\" data-id=\"178c418\" data-element_type=\"container\" data-settings=\"{&quot;background_background&quot;:&quot;classic&quot;}\">\n\t\t\t\t\t<div class=\"e-con-inner\">\n\t\t\t\t<div class=\"elementor-element elementor-element-700062b elementor-widget elementor-widget-spacer\" data-id=\"700062b\" data-element_type=\"widget\" data-widget_type=\"spacer.default\">\n\t\t\t\t<div class=\"elementor-widget-container\">\n\t\t\t\t\t\t\t<div class=\"elementor-spacer\">\n\t\t\t<div class=\"elementor-spacer-inner\"><\/div>\n\t\t<\/div>\n\t\t\t\t\t\t<\/div>\n\t\t\t\t<\/div>\n\t\t\t\t\t<\/div>\n\t\t\t\t<\/div>\n\t\t<div class=\"elementor-element elementor-element-ac86037 e-con-full e-flex e-con e-parent\" data-id=\"ac86037\" data-element_type=\"container\" data-settings=\"{&quot;background_background&quot;:&quot;classic&quot;}\">\n\t\t<div class=\"elementor-element elementor-element-3480a1d e-con-full e-flex e-con e-child\" data-id=\"3480a1d\" data-element_type=\"container\">\n\t\t\t\t<div class=\"elementor-element elementor-element-36d2615 elementor-widget elementor-widget-image\" data-id=\"36d2615\" data-element_type=\"widget\" data-widget_type=\"image.default\">\n\t\t\t\t<div class=\"elementor-widget-container\">\n\t\t\t\t\t\t\t\t\t\t\t\t\t\t\t<img fetchpriority=\"high\" decoding=\"async\" width=\"600\" height=\"800\" src=\"https:\/\/espacioeducativointegral.com\/wp-content\/uploads\/2025\/02\/Untitled-design-9.png\" class=\"attachment-portfolio_item-masonry size-portfolio_item-masonry wp-image-294\" alt=\"\" srcset=\"https:\/\/espacioeducativointegral.com\/wp-content\/uploads\/2025\/02\/Untitled-design-9.png 1200w, https:\/\/espacioeducativointegral.com\/wp-content\/uploads\/2025\/02\/Untitled-design-9-225x300.png 225w, https:\/\/espacioeducativointegral.com\/wp-content\/uploads\/2025\/02\/Untitled-design-9-768x1024.png 768w, https:\/\/espacioeducativointegral.com\/wp-content\/uploads\/2025\/02\/Untitled-design-9-1152x1536.png 1152w\" sizes=\"100vw\" \/>\t\t\t\t\t\t\t\t\t\t\t\t\t\t\t<\/div>\n\t\t\t\t<\/div>\n\t\t\t\t<\/div>\n\t\t<div class=\"elementor-element elementor-element-520a099 e-con-full e-flex e-con e-child\" data-id=\"520a099\" data-element_type=\"container\">\n\t\t\t\t<div class=\"elementor-element elementor-element-25ce7d2 elementor-widget elementor-widget-text-editor\" data-id=\"25ce7d2\" data-element_type=\"widget\" data-widget_type=\"text-editor.default\">\n\t\t\t\t<div class=\"elementor-widget-container\">\n\t\t\t\t\t\t\t\t\t<p><b>TALLERES Y ACTIVIDADES COMPLEMENTARIAS AL TURNO CURRICULAR:<\/b><\/p><p><b>\u00a0<\/b><\/p><p><b>IDIOMAS<\/b>:<\/p><p>Ingl\u00e9s, Portugu\u00e9s (con ex\u00e1menes finales certificados)<\/p><p>Italiano<\/p><p>Lengua de se\u00f1as<\/p><p><b>ARTE<\/b>:<\/p><p>Danza, m\u00fasica, canto, instrumentos musicales, expresi\u00f3n corporal\u00a0<\/p><p>Educaci\u00f3n f\u00edsica y deportes<\/p><p>Taller de lectoescritura y expresi\u00f3n<\/p><p>Taller de ciencia<\/p><p>Talleres de sexualidad<\/p><p>Actividades recreativas enfocadas a la consciencia y cuidado ambiental<\/p><p>Ajedrez<\/p><p>Revista digital con involucramiento del alumnado donde se trabajan los temas destacados de la agenda de actividades<\/p><p>Biblioteca<\/p><p>Laboratorio<\/p>\t\t\t\t\t\t\t\t<\/div>\n\t\t\t\t<\/div>\n\t\t\t\t<\/div>\n\t\t\t\t<\/div>\n\t\t<div class=\"elementor-element elementor-element-f833009 e-con-full e-flex e-con e-parent\" data-id=\"f833009\" data-element_type=\"container\">\n\t\t<div class=\"elementor-element elementor-element-fa19031 e-con-full e-flex e-con e-child\" data-id=\"fa19031\" data-element_type=\"container\">\n\t\t\t\t<div class=\"elementor-element elementor-element-5b4b4d1 elementor-widget elementor-widget-text-editor\" data-id=\"5b4b4d1\" data-element_type=\"widget\" data-widget_type=\"text-editor.default\">\n\t\t\t\t<div class=\"elementor-widget-container\">\n\t\t\t\t\t\t\t\t\t<p><b>ORGANIZACI\u00d3N DEL TIEMPO<\/b><\/p><p>\u00a0<\/p><p>El tiempo de la jornada escolar se divide en dos turnos:\u00a0<\/p><p>Un turno donde se desarrollan las unidades did\u00e1cticas relativas a cada grado escolar, y otro donde se lleva a cabo la extensi\u00f3n complementaria con las siguientes actividades:<\/p><p>Idiomas y Talleres Anuales<\/p><p>Trabajo individual o grupal dedicado al apuntalamiento de conocimientos y destrezas que requieren de atenci\u00f3n especial, sea por dificultades espec\u00edficas de alg\u00fan ni\u00f1o\/a como por requerimientos generales de la poblaci\u00f3n grupal<\/p><p>Talleres de tem\u00e1ticas espec\u00edficas creados para responder a las caracter\u00edsticas o intereses particulares de cada grupo\u00a0<\/p><p>Ambos turnos trabajan en coordinaci\u00f3n constante. Es decir que, siempre que resulta posible, los contenidos que se abordan en los diferentes talleres o en los idiomas siguen los contenidos abordados en el espacio curricular del grado<\/p>\t\t\t\t\t\t\t\t<\/div>\n\t\t\t\t<\/div>\n\t\t\t\t<\/div>\n\t\t<div class=\"elementor-element elementor-element-f33b47e e-con-full e-flex e-con e-child\" data-id=\"f33b47e\" data-element_type=\"container\">\n\t\t\t\t<div class=\"elementor-element elementor-element-9b1b983 elementor-widget elementor-widget-image\" data-id=\"9b1b983\" data-element_type=\"widget\" data-widget_type=\"image.default\">\n\t\t\t\t<div class=\"elementor-widget-container\">\n\t\t\t\t\t\t\t\t\t\t\t\t\t\t\t<img decoding=\"async\" width=\"740\" height=\"740\" src=\"https:\/\/espacioeducativointegral.com\/wp-content\/uploads\/2025\/02\/Untitled-design-11.png\" class=\"attachment-large size-large wp-image-371\" alt=\"\" srcset=\"https:\/\/espacioeducativointegral.com\/wp-content\/uploads\/2025\/02\/Untitled-design-11.png 800w, https:\/\/espacioeducativointegral.com\/wp-content\/uploads\/2025\/02\/Untitled-design-11-300x300.png 300w, https:\/\/espacioeducativointegral.com\/wp-content\/uploads\/2025\/02\/Untitled-design-11-150x150.png 150w, https:\/\/espacioeducativointegral.com\/wp-content\/uploads\/2025\/02\/Untitled-design-11-768x768.png 768w\" sizes=\"100vw\" \/>\t\t\t\t\t\t\t\t\t\t\t\t\t\t\t<\/div>\n\t\t\t\t<\/div>\n\t\t\t\t<\/div>\n\t\t\t\t<\/div>\n\t\t<div class=\"elementor-element elementor-element-9013775 e-flex e-con-boxed e-con e-parent\" data-id=\"9013775\" data-element_type=\"container\" data-settings=\"{&quot;background_background&quot;:&quot;classic&quot;}\">\n\t\t\t\t\t<div class=\"e-con-inner\">\n\t\t<div class=\"elementor-element elementor-element-b101abf e-con-full e-flex e-con e-child\" data-id=\"b101abf\" data-element_type=\"container\">\n\t\t\t\t<div class=\"elementor-element elementor-element-553dfdf elementor-widget elementor-widget-image\" data-id=\"553dfdf\" data-element_type=\"widget\" data-widget_type=\"image.default\">\n\t\t\t\t<div class=\"elementor-widget-container\">\n\t\t\t\t\t\t\t\t\t\t\t\t\t\t\t<img decoding=\"async\" width=\"800\" height=\"800\" src=\"https:\/\/espacioeducativointegral.com\/wp-content\/uploads\/2025\/02\/Untitled-design-15.png\" class=\"attachment-portfolio_item-thumbnail_square size-portfolio_item-thumbnail_square wp-image-531\" alt=\"\" srcset=\"https:\/\/espacioeducativointegral.com\/wp-content\/uploads\/2025\/02\/Untitled-design-15.png 800w, https:\/\/espacioeducativointegral.com\/wp-content\/uploads\/2025\/02\/Untitled-design-15-300x300.png 300w, https:\/\/espacioeducativointegral.com\/wp-content\/uploads\/2025\/02\/Untitled-design-15-150x150.png 150w, https:\/\/espacioeducativointegral.com\/wp-content\/uploads\/2025\/02\/Untitled-design-15-768x768.png 768w, https:\/\/espacioeducativointegral.com\/wp-content\/uploads\/2025\/02\/Untitled-design-15-100x100.png 100w\" sizes=\"100vw\" \/>\t\t\t\t\t\t\t\t\t\t\t\t\t\t\t<\/div>\n\t\t\t\t<\/div>\n\t\t\t\t<\/div>\n\t\t<div class=\"elementor-element elementor-element-85ddcf4 e-con-full e-flex e-con e-child\" data-id=\"85ddcf4\" data-element_type=\"container\">\n\t\t\t\t<div class=\"elementor-element elementor-element-19749fc elementor-widget elementor-widget-text-editor\" data-id=\"19749fc\" data-element_type=\"widget\" data-widget_type=\"text-editor.default\">\n\t\t\t\t<div class=\"elementor-widget-container\">\n\t\t\t\t\t\t\t\t\t<p><b>DEPARTAMENTO DE ORIENTACION PSICOLOGICA Y PSICOPEDAGOGICA<\/b><\/p>\n<p>Departamento constituido por dos Licenciadas en Psicolog\u00eda. Coordinado por M\u00e1gister en Psicolog\u00eda Educacional&nbsp;<\/p>\n<p>Uno de los principales objetivos de dicho departamento es la prevenci\u00f3n y detecci\u00f3n precoz de posibles dificultades relativas tanto a la trayectoria escolar como a las distintas \u00e1reas del desarrollo vital<\/p>\n<p>Otro de los prop\u00f3sitos es la orientaci\u00f3n psicopedag\u00f3gica al cuerpo docente, tanto ante la ejecuci\u00f3n de adecuaciones curriculares pertinentes para aquellos que presenten necesidades espec\u00edficas, como ante el apuntalamiento general de los procesos afectivos y emocionales de los ni\u00f1os en los distintos momentos evolutivos&nbsp;<\/p>\n<p>Se trabaja de modo muy cercano con las familias de los estudiantes, estando disponibles ante cualquier situaci\u00f3n que la propia familia requiera orientaci\u00f3n o apoyo, as\u00ed como cuando se presenta cierta dificultad que necesita unificar criterios con los cuales apuntalar al ni\u00f1o\/a de manera armoniosa y coordinada<\/p>\t\t\t\t\t\t\t\t<\/div>\n\t\t\t\t<\/div>\n\t\t\t\t<\/div>\n\t\t\t\t\t<\/div>\n\t\t\t\t<\/div>\n\t\t<div class=\"elementor-element elementor-element-d6669e2 e-flex e-con-boxed e-con e-parent\" data-id=\"d6669e2\" data-element_type=\"container\" data-settings=\"{&quot;background_background&quot;:&quot;classic&quot;}\">\n\t\t\t\t\t<div class=\"e-con-inner\">\n\t\t\t\t<div class=\"elementor-element elementor-element-2d2a14c elementor-align-center elementor-widget elementor-widget-button\" data-id=\"2d2a14c\" data-element_type=\"widget\" data-widget_type=\"button.default\">\n\t\t\t\t<div class=\"elementor-widget-container\">\n\t\t\t\t\t\t\t\t\t<div class=\"elementor-button-wrapper\">\n\t\t\t\t\t<a class=\"elementor-button elementor-button-link elementor-size-sm\" href=\"https:\/\/espacioeducativointegral.com\/?page_id=217\">\n\t\t\t\t\t\t<span class=\"elementor-button-content-wrapper\">\n\t\t\t\t\t\t\t\t\t<span class=\"elementor-button-text\">NUESTRO ENFOQUE Y VALORES<\/span>\n\t\t\t\t\t<\/span>\n\t\t\t\t\t<\/a>\n\t\t\t\t<\/div>\n\t\t\t\t\t\t\t\t<\/div>\n\t\t\t\t<\/div>\n\t\t\t\t\t<\/div>\n\t\t\t\t<\/div>\n\t\t<div class=\"elementor-element elementor-element-42a3119 e-flex e-con-boxed e-con e-parent\" data-id=\"42a3119\" data-element_type=\"container\" data-settings=\"{&quot;background_background&quot;:&quot;classic&quot;}\">\n\t\t\t\t\t<div class=\"e-con-inner\">\n\t\t\t\t<div class=\"elementor-element elementor-element-537c98e elementor-widget elementor-widget-text-editor\" data-id=\"537c98e\" data-element_type=\"widget\" data-widget_type=\"text-editor.default\">\n\t\t\t\t<div class=\"elementor-widget-container\">\n\t\t\t\t\t\t\t\t\t<p>Esos mensajes que nos hacen confiar cada d\u00eda m\u00e1s en lo que creemos&#8230;<\/p>\t\t\t\t\t\t\t\t<\/div>\n\t\t\t\t<\/div>\n\t\t\t\t\t<\/div>\n\t\t\t\t<\/div>\n\t\t<div class=\"elementor-element elementor-element-96ed02d e-con-full e-flex e-con e-parent\" data-id=\"96ed02d\" data-element_type=\"container\" data-settings=\"{&quot;background_background&quot;:&quot;classic&quot;}\">\n\t\t<div class=\"elementor-element elementor-element-9daace8 e-con-full e-flex e-con e-child\" data-id=\"9daace8\" data-element_type=\"container\">\n\t\t\t\t<div class=\"elementor-element elementor-element-cb16998 elementor-widget elementor-widget-text-editor\" data-id=\"cb16998\" data-element_type=\"widget\" data-widget_type=\"text-editor.default\">\n\t\t\t\t<div class=\"elementor-widget-container\">\n\t\t\t\t\t\t\t\t\t<p><em>\u201cEs su segundo hogar\u201d<\/em><\/p><p><em>\u201c(Lo que m\u00e1s destaco es) La mirada hacia cada sujeto, la ocupaci\u00f3n en relaci\u00f3n a las necesidades individuales y el acompa\u00f1amiento humano respetando caracter\u00edsticas propias de cada ni\u00f1a\/o\u201d<\/em><\/p><p>\u00a0<\/p>\t\t\t\t\t\t\t\t<\/div>\n\t\t\t\t<\/div>\n\t\t\t\t<\/div>\n\t\t<div class=\"elementor-element elementor-element-cb89af3 e-con-full e-flex e-con e-child\" data-id=\"cb89af3\" data-element_type=\"container\">\n\t\t\t\t<div class=\"elementor-element elementor-element-e40271c elementor-widget elementor-widget-image\" data-id=\"e40271c\" data-element_type=\"widget\" data-widget_type=\"image.default\">\n\t\t\t\t<div class=\"elementor-widget-container\">\n\t\t\t\t\t\t\t\t\t\t\t\t\t\t\t<img loading=\"lazy\" decoding=\"async\" width=\"150\" height=\"150\" src=\"https:\/\/espacioeducativointegral.com\/wp-content\/uploads\/2025\/02\/cropped-Untitled-design-1-150x150.jpg\" class=\"attachment-thumbnail size-thumbnail wp-image-432\" alt=\"\" srcset=\"https:\/\/espacioeducativointegral.com\/wp-content\/uploads\/2025\/02\/cropped-Untitled-design-1-150x150.jpg 150w, https:\/\/espacioeducativointegral.com\/wp-content\/uploads\/2025\/02\/cropped-Untitled-design-1-300x300.jpg 300w, https:\/\/espacioeducativointegral.com\/wp-content\/uploads\/2025\/02\/cropped-Untitled-design-1-100x100.jpg 100w, https:\/\/espacioeducativointegral.com\/wp-content\/uploads\/2025\/02\/cropped-Untitled-design-1-270x270.jpg 270w, https:\/\/espacioeducativointegral.com\/wp-content\/uploads\/2025\/02\/cropped-Untitled-design-1-192x192.jpg 192w, https:\/\/espacioeducativointegral.com\/wp-content\/uploads\/2025\/02\/cropped-Untitled-design-1-180x180.jpg 180w, https:\/\/espacioeducativointegral.com\/wp-content\/uploads\/2025\/02\/cropped-Untitled-design-1-32x32.jpg 32w, https:\/\/espacioeducativointegral.com\/wp-content\/uploads\/2025\/02\/cropped-Untitled-design-1.jpg 512w\" sizes=\"100vw\" \/>\t\t\t\t\t\t\t\t\t\t\t\t\t\t\t<\/div>\n\t\t\t\t<\/div>\n\t\t\t\t<\/div>\n\t\t\t\t<\/div>\n\t\t\t\t<\/div>\n\t\t","protected":false},"excerpt":{"rendered":"<p>Talleres y Servicios CONTACTANOS LEMA 2025: \u00a0Por la paz y la confianza en el mundo. A\u00d1O INTERNACIONAL DE LA CIENCIA Y LA TECNOLOGIA CUANTICA TALLERES Y ACTIVIDADES COMPLEMENTARIAS AL TURNO CURRICULAR: \u00a0 IDIOMAS: Ingl\u00e9s, Portugu\u00e9s (con ex\u00e1menes finales certificados) Italiano Lengua de se\u00f1as ARTE: Danza, m\u00fasica, canto, instrumentos musicales, expresi\u00f3n corporal\u00a0 Educaci\u00f3n f\u00edsica y deportes &hellip; <\/p>\n<p class=\"link-more\"><a href=\"https:\/\/espacioeducativointegral.com\/?page_id=321\" class=\"more-link\">Continuar leyendo<span class=\"screen-reader-text\"> \u00abTalleres y Servicios\u00bb<\/span><\/a><\/p>\n","protected":false},"author":1,"featured_media":0,"parent":0,"menu_order":0,"comment_status":"closed","ping_status":"closed","template":"","meta":{"footnotes":""},"class_list":["post-321","page","type-page","status-publish","hentry"],"featured_media_urls":[],"_links":{"self":[{"href":"https:\/\/espacioeducativointegral.com\/index.php?rest_route=\/wp\/v2\/pages\/321","targetHints":{"allow":["GET"]}}],"collection":[{"href":"https:\/\/espacioeducativointegral.com\/index.php?rest_route=\/wp\/v2\/pages"}],"about":[{"href":"https:\/\/espacioeducativointegral.com\/index.php?rest_route=\/wp\/v2\/types\/page"}],"author":[{"embeddable":true,"href":"https:\/\/espacioeducativointegral.com\/index.php?rest_route=\/wp\/v2\/users\/1"}],"replies":[{"embeddable":true,"href":"https:\/\/espacioeducativointegral.com\/index.php?rest_route=%2Fwp%2Fv2%2Fcomments&post=321"}],"version-history":[{"count":179,"href":"https:\/\/espacioeducativointegral.com\/index.php?rest_route=\/wp\/v2\/pages\/321\/revisions"}],"predecessor-version":[{"id":1084,"href":"https:\/\/espacioeducativointegral.com\/index.php?rest_route=\/wp\/v2\/pages\/321\/revisions\/1084"}],"wp:attachment":[{"href":"https:\/\/espacioeducativointegral.com\/index.php?rest_route=%2Fwp%2Fv2%2Fmedia&parent=321"}],"curies":[{"name":"wp","href":"https:\/\/api.w.org\/{rel}","templated":true}]}}