{"id":502,"date":"2025-02-22T10:09:24","date_gmt":"2025-02-22T10:09:24","guid":{"rendered":"https:\/\/espacioeducativointegral.com\/?page_id=502"},"modified":"2025-02-24T14:50:44","modified_gmt":"2025-02-24T14:50:44","slug":"elementor-502","status":"publish","type":"page","link":"https:\/\/espacioeducativointegral.com\/?page_id=502","title":{"rendered":"Contactanos"},"content":{"rendered":"\t\t<div data-elementor-type=\"wp-page\" data-elementor-id=\"502\" class=\"elementor elementor-502\">\n\t\t\t\t<div class=\"elementor-element elementor-element-61ba0fc e-con-full e-flex e-con e-parent\" data-id=\"61ba0fc\" data-element_type=\"container\">\n\t\t\t\t<div class=\"elementor-element elementor-element-90500f6 elementor-widget elementor-widget-text-editor\" data-id=\"90500f6\" data-element_type=\"widget\" data-widget_type=\"text-editor.default\">\n\t\t\t\t<div class=\"elementor-widget-container\">\n\t\t\t\t\t\t\t\t\t<p>Contactos<\/p>\t\t\t\t\t\t\t\t<\/div>\n\t\t\t\t<\/div>\n\t\t\t\t<\/div>\n\t\t<div class=\"elementor-element elementor-element-03e2e3d e-flex e-con-boxed e-con e-parent\" data-id=\"03e2e3d\" data-element_type=\"container\" data-settings=\"{&quot;background_background&quot;:&quot;classic&quot;}\">\n\t\t\t\t\t<div class=\"e-con-inner\">\n\t\t<div class=\"elementor-element elementor-element-fe9e355 e-con-full e-flex e-con e-child\" data-id=\"fe9e355\" data-element_type=\"container\">\n\t\t\t\t<\/div>\n\t\t<div class=\"elementor-element elementor-element-beb96d6 e-con-full e-flex e-con e-child\" data-id=\"beb96d6\" data-element_type=\"container\">\n\t\t\t\t<\/div>\n\t\t<div class=\"elementor-element elementor-element-4d34e41 e-con-full e-flex e-con e-child\" data-id=\"4d34e41\" data-element_type=\"container\">\n\t\t\t\t<\/div>\n\t\t\t\t\t<\/div>\n\t\t\t\t<\/div>\n\t\t<div class=\"elementor-element elementor-element-e60cc18 e-flex e-con-boxed e-con e-parent\" data-id=\"e60cc18\" data-element_type=\"container\" data-settings=\"{&quot;background_background&quot;:&quot;classic&quot;}\">\n\t\t\t\t\t<div class=\"e-con-inner\">\n\t\t\t\t<div class=\"elementor-element elementor-element-756c7e9 elementor-widget elementor-widget-spacer\" data-id=\"756c7e9\" data-element_type=\"widget\" data-widget_type=\"spacer.default\">\n\t\t\t\t<div class=\"elementor-widget-container\">\n\t\t\t\t\t\t\t<div class=\"elementor-spacer\">\n\t\t\t<div class=\"elementor-spacer-inner\"><\/div>\n\t\t<\/div>\n\t\t\t\t\t\t<\/div>\n\t\t\t\t<\/div>\n\t\t\t\t\t<\/div>\n\t\t\t\t<\/div>\n\t\t<div class=\"elementor-element elementor-element-fdc047b e-flex e-con-boxed e-con e-parent\" data-id=\"fdc047b\" data-element_type=\"container\" data-settings=\"{&quot;background_background&quot;:&quot;classic&quot;}\">\n\t\t\t\t\t<div class=\"e-con-inner\">\n\t\t<div class=\"elementor-element elementor-element-9983d6d e-con-full e-flex e-con e-child\" data-id=\"9983d6d\" data-element_type=\"container\">\n\t\t\t\t<div class=\"elementor-element elementor-element-32b8652 elementor-widget elementor-widget-text-editor\" data-id=\"32b8652\" data-element_type=\"widget\" data-widget_type=\"text-editor.default\">\n\t\t\t\t<div class=\"elementor-widget-container\">\n\t\t\t\t\t\t\t\t\t<p>\u00a0<strong>Tel\u00e9fonos<\/strong>:<\/p><p>4225 8099\u00a0<\/p><p>096 219 988<\/p><p><strong>Correo electr\u00f3nico:<\/strong><\/p><p>espacioeducativo@adinet.com.uy<\/p><p><strong>Instagram<\/strong>:<\/p><p>@ceeicomunica<\/p><p>Direcci\u00f3n:<\/p><p>Pel\u00edcanos y Los Teros. Maldonado Park<\/p>\t\t\t\t\t\t\t\t<\/div>\n\t\t\t\t<\/div>\n\t\t\t\t<\/div>\n\t\t<div class=\"elementor-element elementor-element-7ae73a3 e-con-full e-flex e-con e-child\" data-id=\"7ae73a3\" data-element_type=\"container\">\n\t\t\t\t<div class=\"elementor-element elementor-element-349483d elementor-widget elementor-widget-image\" data-id=\"349483d\" data-element_type=\"widget\" data-widget_type=\"image.default\">\n\t\t\t\t<div class=\"elementor-widget-container\">\n\t\t\t\t\t\t\t\t\t\t\t\t\t\t\t<img fetchpriority=\"high\" decoding=\"async\" width=\"740\" height=\"606\" src=\"https:\/\/espacioeducativointegral.com\/wp-content\/uploads\/2025\/02\/cole-frente-1024x838.jpg\" class=\"attachment-large size-large wp-image-28\" alt=\"\" srcset=\"https:\/\/espacioeducativointegral.com\/wp-content\/uploads\/2025\/02\/cole-frente-1024x838.jpg 1024w, https:\/\/espacioeducativointegral.com\/wp-content\/uploads\/2025\/02\/cole-frente-300x246.jpg 300w, https:\/\/espacioeducativointegral.com\/wp-content\/uploads\/2025\/02\/cole-frente-768x629.jpg 768w, https:\/\/espacioeducativointegral.com\/wp-content\/uploads\/2025\/02\/cole-frente-1536x1258.jpg 1536w, https:\/\/espacioeducativointegral.com\/wp-content\/uploads\/2025\/02\/cole-frente.jpg 1600w\" sizes=\"100vw\" \/>\t\t\t\t\t\t\t\t\t\t\t\t\t\t\t<\/div>\n\t\t\t\t<\/div>\n\t\t\t\t<\/div>\n\t\t\t\t\t<\/div>\n\t\t\t\t<\/div>\n\t\t<div class=\"elementor-element elementor-element-2f974a9 e-flex e-con-boxed e-con e-parent\" data-id=\"2f974a9\" data-element_type=\"container\" data-settings=\"{&quot;background_background&quot;:&quot;classic&quot;}\">\n\t\t\t\t\t<div class=\"e-con-inner\">\n\t\t<div class=\"elementor-element elementor-element-acf0905 e-con-full elementor-hidden-mobile e-flex e-con e-child\" data-id=\"acf0905\" data-element_type=\"container\">\n\t\t\t\t<div class=\"elementor-element elementor-element-761fa92 elementor-widget elementor-widget-image\" data-id=\"761fa92\" data-element_type=\"widget\" data-widget_type=\"image.default\">\n\t\t\t\t<div class=\"elementor-widget-container\">\n\t\t\t\t\t\t\t\t\t\t\t\t\t\t\t<img decoding=\"async\" width=\"740\" height=\"555\" src=\"https:\/\/espacioeducativointegral.com\/wp-content\/uploads\/2025\/02\/Untitled-design-18-1-1024x768.png\" class=\"attachment-large size-large wp-image-613\" alt=\"\" srcset=\"https:\/\/espacioeducativointegral.com\/wp-content\/uploads\/2025\/02\/Untitled-design-18-1-1024x768.png 1024w, https:\/\/espacioeducativointegral.com\/wp-content\/uploads\/2025\/02\/Untitled-design-18-1-300x225.png 300w, https:\/\/espacioeducativointegral.com\/wp-content\/uploads\/2025\/02\/Untitled-design-18-1-768x576.png 768w, https:\/\/espacioeducativointegral.com\/wp-content\/uploads\/2025\/02\/Untitled-design-18-1-1536x1152.png 1536w, https:\/\/espacioeducativointegral.com\/wp-content\/uploads\/2025\/02\/Untitled-design-18-1.png 1600w\" sizes=\"100vw\" \/>\t\t\t\t\t\t\t\t\t\t\t\t\t\t\t<\/div>\n\t\t\t\t<\/div>\n\t\t\t\t<\/div>\n\t\t<div class=\"elementor-element elementor-element-5a6c66f e-con-full e-flex e-con e-child\" data-id=\"5a6c66f\" data-element_type=\"container\">\n\t\t\t\t<div class=\"elementor-element elementor-element-b4c54bb elementor-widget elementor-widget-text-editor\" data-id=\"b4c54bb\" data-element_type=\"widget\" data-widget_type=\"text-editor.default\">\n\t\t\t\t<div class=\"elementor-widget-container\">\n\t\t\t\t\t\t\t\t\t<p><b>Inscripciones<\/b><\/p>\n<p>\u2013<strong> INSCRIPCIONES ABIERTAS<\/strong><\/p>\n<p>\u2013 Concurrir con: fotocopia c\u00e9dula identidad del alumno<br>\u2013 Fotocopia c\u00e9dula identidad de los padres o tutores<br>\u2013 Fotocopia c\u00e9dula identidad de personas autorizadas a retirar al ni\u00f1o<br>\u2013 Fotocopia vacunas<br>\u2013 Fotocopia carn\u00e9 pedi\u00e1trico<br>\u2013 Fotocopia aptitud f\u00edsica<br>\u2013 Pase escolar (a partir de los 5 a\u00f1os)<\/p>\n<p><strong>Formas de Pago<\/strong><\/p>\n<p>Giro Abitab o Red Pagos \u2013 Giro BROU<\/p>\n<p>Precios: de acuerdo a la cantidad de horas de servicio contratadas<\/p>\n<p><strong>Horario administrativo:<\/strong><\/p>\n<p>10 hs. a 12 hs.&nbsp; y&nbsp; &nbsp;13 hs. a 17 hs.<\/p>\t\t\t\t\t\t\t\t<\/div>\n\t\t\t\t<\/div>\n\t\t\t\t<\/div>\n\t\t\t\t\t<\/div>\n\t\t\t\t<\/div>\n\t\t<div class=\"elementor-element elementor-element-985b2b0 e-flex e-con-boxed e-con e-parent\" data-id=\"985b2b0\" data-element_type=\"container\" data-settings=\"{&quot;background_background&quot;:&quot;classic&quot;}\">\n\t\t\t\t\t<div class=\"e-con-inner\">\n\t\t\t\t<div class=\"elementor-element elementor-element-e1f49cb elementor-align-center elementor-widget elementor-widget-button\" data-id=\"e1f49cb\" data-element_type=\"widget\" data-widget_type=\"button.default\">\n\t\t\t\t<div class=\"elementor-widget-container\">\n\t\t\t\t\t\t\t\t\t<div class=\"elementor-button-wrapper\">\n\t\t\t\t\t<a class=\"elementor-button elementor-button-link elementor-size-sm\" href=\"https:\/\/espacioeducativointegral.com\/\">\n\t\t\t\t\t\t<span class=\"elementor-button-content-wrapper\">\n\t\t\t\t\t\t\t\t\t<span class=\"elementor-button-text\">EL COLE<\/span>\n\t\t\t\t\t<\/span>\n\t\t\t\t\t<\/a>\n\t\t\t\t<\/div>\n\t\t\t\t\t\t\t\t<\/div>\n\t\t\t\t<\/div>\n\t\t\t\t\t<\/div>\n\t\t\t\t<\/div>\n\t\t\t\t<\/div>\n\t\t","protected":false},"excerpt":{"rendered":"<p>Contactos \u00a0Tel\u00e9fonos: 4225 8099\u00a0 096 219 988 Correo electr\u00f3nico: espacioeducativo@adinet.com.uy Instagram: @ceeicomunica Direcci\u00f3n: Pel\u00edcanos y Los Teros. Maldonado Park Inscripciones \u2013 INSCRIPCIONES ABIERTAS \u2013 Concurrir con: fotocopia c\u00e9dula identidad del alumno\u2013 Fotocopia c\u00e9dula identidad de los padres o tutores\u2013 Fotocopia c\u00e9dula identidad de personas autorizadas a retirar al ni\u00f1o\u2013 Fotocopia vacunas\u2013 Fotocopia carn\u00e9 pedi\u00e1trico\u2013 Fotocopia &hellip; <\/p>\n<p class=\"link-more\"><a href=\"https:\/\/espacioeducativointegral.com\/?page_id=502\" class=\"more-link\">Continuar leyendo<span class=\"screen-reader-text\"> \u00abContactanos\u00bb<\/span><\/a><\/p>\n","protected":false},"author":1,"featured_media":0,"parent":0,"menu_order":0,"comment_status":"closed","ping_status":"closed","template":"","meta":{"footnotes":""},"class_list":["post-502","page","type-page","status-publish","hentry"],"featured_media_urls":[],"_links":{"self":[{"href":"https:\/\/espacioeducativointegral.com\/index.php?rest_route=\/wp\/v2\/pages\/502","targetHints":{"allow":["GET"]}}],"collection":[{"href":"https:\/\/espacioeducativointegral.com\/index.php?rest_route=\/wp\/v2\/pages"}],"about":[{"href":"https:\/\/espacioeducativointegral.com\/index.php?rest_route=\/wp\/v2\/types\/page"}],"author":[{"embeddable":true,"href":"https:\/\/espacioeducativointegral.com\/index.php?rest_route=\/wp\/v2\/users\/1"}],"replies":[{"embeddable":true,"href":"https:\/\/espacioeducativointegral.com\/index.php?rest_route=%2Fwp%2Fv2%2Fcomments&post=502"}],"version-history":[{"count":38,"href":"https:\/\/espacioeducativointegral.com\/index.php?rest_route=\/wp\/v2\/pages\/502\/revisions"}],"predecessor-version":[{"id":973,"href":"https:\/\/espacioeducativointegral.com\/index.php?rest_route=\/wp\/v2\/pages\/502\/revisions\/973"}],"wp:attachment":[{"href":"https:\/\/espacioeducativointegral.com\/index.php?rest_route=%2Fwp%2Fv2%2Fmedia&parent=502"}],"curies":[{"name":"wp","href":"https:\/\/api.w.org\/{rel}","templated":true}]}}