{"id":89,"date":"2025-02-20T07:42:15","date_gmt":"2025-02-20T07:42:15","guid":{"rendered":"https:\/\/espacioeducativointegral.com\/?page_id=89"},"modified":"2025-10-09T13:54:52","modified_gmt":"2025-10-09T13:54:52","slug":"inicio","status":"publish","type":"page","link":"https:\/\/espacioeducativointegral.com\/","title":{"rendered":"Inicio"},"content":{"rendered":"\t\t<div data-elementor-type=\"wp-page\" data-elementor-id=\"89\" class=\"elementor elementor-89\">\n\t\t\t\t<div class=\"elementor-element elementor-element-0512f0d e-con-full e-flex e-con e-parent\" data-id=\"0512f0d\" data-element_type=\"container\" data-settings=\"{&quot;background_background&quot;:&quot;classic&quot;}\">\n\t\t\t\t<div class=\"elementor-element elementor-element-2b71149 elementor-widget elementor-widget-text-editor\" data-id=\"2b71149\" data-element_type=\"widget\" data-widget_type=\"text-editor.default\">\n\t\t\t\t<div class=\"elementor-widget-container\">\n\t\t\t\t\t\t\t\t\t<p><span style=\"letter-spacing: 1.3px;\">Somos su segundo hogar<\/span><\/p>\t\t\t\t\t\t\t\t<\/div>\n\t\t\t\t<\/div>\n\t\t\t\t<div class=\"elementor-element elementor-element-5aec89e elementor-widget-mobile__width-initial elementor-widget elementor-widget-text-editor\" data-id=\"5aec89e\" data-element_type=\"widget\" data-widget_type=\"text-editor.default\">\n\t\t\t\t<div class=\"elementor-widget-container\">\n\t\t\t\t\t\t\t\t\t<p>Educar no es transferir conocimiento, ni ense\u00f1ar un m\u00e9todo o una verdad<\/p><p>Educar es potenciar la curiosidad, la capacidad innata de crear<\/p><p>Educar es acompa\u00f1ar a un otro a desarrollar su enorme potencialidad y a confiar plenamente en lo valioso de su ser<\/p><p>Educar es un acto de confianza plena en la incalculable potencia que poseen los entornos seguros, comprensivos, y amables, para cada uno de nuestros ni\u00f1os\/as y para toda nuestra humanidad<\/p><p>Educar es un acto de amor<\/p>\t\t\t\t\t\t\t\t<\/div>\n\t\t\t\t<\/div>\n\t\t\t\t<div class=\"elementor-element elementor-element-229d98a elementor-widget elementor-widget-button\" data-id=\"229d98a\" data-element_type=\"widget\" data-widget_type=\"button.default\">\n\t\t\t\t<div class=\"elementor-widget-container\">\n\t\t\t\t\t\t\t\t\t<div class=\"elementor-button-wrapper\">\n\t\t\t\t\t<a class=\"elementor-button elementor-button-link elementor-size-sm\" href=\"https:\/\/espacioeducativointegral.com\/?page_id=502\">\n\t\t\t\t\t\t<span class=\"elementor-button-content-wrapper\">\n\t\t\t\t\t\t\t\t\t<span class=\"elementor-button-text\">INSCRIPCIONES<\/span>\n\t\t\t\t\t<\/span>\n\t\t\t\t\t<\/a>\n\t\t\t\t<\/div>\n\t\t\t\t\t\t\t\t<\/div>\n\t\t\t\t<\/div>\n\t\t\t\t<\/div>\n\t\t<div class=\"elementor-element elementor-element-8eaec5e e-con-full e-flex e-con e-parent\" data-id=\"8eaec5e\" data-element_type=\"container\" data-settings=\"{&quot;background_background&quot;:&quot;classic&quot;}\">\n\t\t<div class=\"elementor-element elementor-element-73b5cd1 e-con-full e-flex e-con e-child\" data-id=\"73b5cd1\" data-element_type=\"container\">\n\t\t\t\t<div class=\"elementor-element elementor-element-fb58002 elementor-widget elementor-widget-image\" data-id=\"fb58002\" data-element_type=\"widget\" data-widget_type=\"image.default\">\n\t\t\t\t<div class=\"elementor-widget-container\">\n\t\t\t\t\t\t\t\t\t\t\t\t\t\t\t<img fetchpriority=\"high\" decoding=\"async\" width=\"794\" height=\"912\" src=\"https:\/\/espacioeducativointegral.com\/wp-content\/uploads\/2025\/02\/IMG-20240322-WA0066-scaled-e1740125389869.jpeg\" class=\"attachment-full size-full wp-image-181\" alt=\"\" srcset=\"https:\/\/espacioeducativointegral.com\/wp-content\/uploads\/2025\/02\/IMG-20240322-WA0066-scaled-e1740125389869.jpeg 794w, https:\/\/espacioeducativointegral.com\/wp-content\/uploads\/2025\/02\/IMG-20240322-WA0066-scaled-e1740125389869-261x300.jpeg 261w, https:\/\/espacioeducativointegral.com\/wp-content\/uploads\/2025\/02\/IMG-20240322-WA0066-scaled-e1740125389869-768x882.jpeg 768w, https:\/\/espacioeducativointegral.com\/wp-content\/uploads\/2025\/02\/IMG-20240322-WA0066-scaled-e1740125389869-600x689.jpeg 600w\" sizes=\"100vw\" \/>\t\t\t\t\t\t\t\t\t\t\t\t\t\t\t<\/div>\n\t\t\t\t<\/div>\n\t\t\t\t<\/div>\n\t\t<div class=\"elementor-element elementor-element-7727a53 e-con-full e-flex e-con e-child\" data-id=\"7727a53\" data-element_type=\"container\">\n\t\t\t\t<div class=\"elementor-element elementor-element-d3e0d98 elementor-widget__width-inherit elementor-widget elementor-widget-text-editor\" data-id=\"d3e0d98\" data-element_type=\"widget\" data-widget_type=\"text-editor.default\">\n\t\t\t\t<div class=\"elementor-widget-container\">\n\t\t\t\t\t\t\t\t\t<p>Como instituci\u00f3n creemos que el proceso educativo debe tomar en consideraci\u00f3n dos aspectos cruciales: las singularidades de cada ni\u00f1o\/a, y la presencia de condiciones propicias para que el aprendizaje se desarrolle en su m\u00e1xima plenitud<\/p><p>En esa l\u00ednea, nuestro proyecto se sostiene en dos grandes pilares:<\/p><p>Ofrecer un entorno educativo con inclusi\u00f3n real<\/p><p>Brindar un contexto afectivo sostenedor e impulsor del desarrollo y la potencialidad de cada ni\u00f1o\/a<\/p><p>Nuestro primer objetivo siempre ha sido la creaci\u00f3n de un espacio c\u00e1lido, tolerante, comprensivo, y seguro para todo aquel que acompa\u00f1amos en su camino<\/p><p>Deseamos y trabajamos para que lo sientan su segundo hogar&#8230;<\/p><p>Para que aprendan desde la experiencia, el inter\u00e9s, el respeto a sus necesidades y su ritmo, el disfrute, el deseo, el bienestar&#8230;<\/p><p>Que aprendan sinti\u00e9ndose sostenidos&#8230;<\/p><p>Que aprendan sinti\u00e9ndose queridos&#8230;<\/p><p>Que aprendan con la plena certeza de que para nosotros jam\u00e1s ser\u00e1n un alumno m\u00e1s&#8230;<\/p><p>Siempre ser\u00e1n ese ser tan valioso y \u00fanico que merece todo nuestro afecto en su transitar<\/p>\t\t\t\t\t\t\t\t<\/div>\n\t\t\t\t<\/div>\n\t\t\t\t<\/div>\n\t\t\t\t<\/div>\n\t\t<div class=\"elementor-element elementor-element-71276a5 e-con-full e-flex e-con e-parent\" data-id=\"71276a5\" data-element_type=\"container\" data-settings=\"{&quot;background_background&quot;:&quot;classic&quot;}\">\n\t\t<div class=\"elementor-element elementor-element-e99d3c9 e-con-full e-flex e-con e-child\" data-id=\"e99d3c9\" data-element_type=\"container\" data-settings=\"{&quot;background_background&quot;:&quot;classic&quot;}\">\n\t\t\t\t<div class=\"elementor-element elementor-element-c9a4abb elementor-widget elementor-widget-text-editor\" data-id=\"c9a4abb\" data-element_type=\"widget\" data-widget_type=\"text-editor.default\">\n\t\t\t\t<div class=\"elementor-widget-container\">\n\t\t\t\t\t\t\t\t\t<p>Sistema acad\u00e9mico biling\u00fce<\/p>\n<p>Amplia extensi\u00f3n horaria<\/p>\n<p>Especial atenci\u00f3n a la creaci\u00f3n de un entorno que contemple los procesos emocionales y vinculares<\/p>\n<p>Asignaturas complementarias al curriculum seleccionadas cuidadosamente y conducidas hacia el fortalecimiento de la capacidad creativa, el pensamiento cr\u00edtico, el disfrute en el aprender<\/p>\n<p>Fuerte impronta a la expresi\u00f3n y al arte<\/p>\n<p>Idiomas con ex\u00e1menes finales certificados<\/p>\n<p>Educaci\u00f3n f\u00edsica y deportes<\/p>\n<p>Huerta y otros espacios de consciencia ambiental y social<\/p>\n<p>Orientaci\u00f3n psicol\u00f3gica<\/p>\t\t\t\t\t\t\t\t<\/div>\n\t\t\t\t<\/div>\n\t\t\t\t<\/div>\n\t\t\t\t<div class=\"elementor-element elementor-element-a8ef285 elementor-widget elementor-widget-image\" data-id=\"a8ef285\" data-element_type=\"widget\" data-widget_type=\"image.default\">\n\t\t\t\t<div class=\"elementor-widget-container\">\n\t\t\t\t\t\t\t\t\t\t\t\t\t\t\t<img decoding=\"async\" width=\"1200\" height=\"1413\" src=\"https:\/\/espacioeducativointegral.com\/wp-content\/uploads\/2025\/02\/4a49a78b-199d-48b9-ab2b-94515680b323-e1740407046316.jpg\" class=\"attachment-full size-full wp-image-107\" alt=\"\" srcset=\"https:\/\/espacioeducativointegral.com\/wp-content\/uploads\/2025\/02\/4a49a78b-199d-48b9-ab2b-94515680b323-e1740407046316.jpg 1200w, https:\/\/espacioeducativointegral.com\/wp-content\/uploads\/2025\/02\/4a49a78b-199d-48b9-ab2b-94515680b323-e1740407046316-255x300.jpg 255w, https:\/\/espacioeducativointegral.com\/wp-content\/uploads\/2025\/02\/4a49a78b-199d-48b9-ab2b-94515680b323-e1740407046316-870x1024.jpg 870w, https:\/\/espacioeducativointegral.com\/wp-content\/uploads\/2025\/02\/4a49a78b-199d-48b9-ab2b-94515680b323-e1740407046316-768x904.jpg 768w, https:\/\/espacioeducativointegral.com\/wp-content\/uploads\/2025\/02\/4a49a78b-199d-48b9-ab2b-94515680b323-e1740407046316-600x707.jpg 600w\" sizes=\"100vw\" \/>\t\t\t\t\t\t\t\t\t\t\t\t\t\t\t<\/div>\n\t\t\t\t<\/div>\n\t\t\t\t<\/div>\n\t\t<div class=\"elementor-element elementor-element-3940505 e-flex e-con-boxed e-con e-parent\" data-id=\"3940505\" data-element_type=\"container\" data-settings=\"{&quot;background_background&quot;:&quot;classic&quot;}\">\n\t\t\t\t\t<div class=\"e-con-inner\">\n\t\t\t\t<div class=\"elementor-element elementor-element-7117b7c elementor-align-left elementor-widget elementor-widget-button\" data-id=\"7117b7c\" data-element_type=\"widget\" data-widget_type=\"button.default\">\n\t\t\t\t<div class=\"elementor-widget-container\">\n\t\t\t\t\t\t\t\t\t<div class=\"elementor-button-wrapper\">\n\t\t\t\t\t<a class=\"elementor-button elementor-button-link elementor-size-sm\" href=\"https:\/\/espacioeducativointegral.com\/?page_id=321\">\n\t\t\t\t\t\t<span class=\"elementor-button-content-wrapper\">\n\t\t\t\t\t\t\t\t\t<span class=\"elementor-button-text\">SABER M\u00c1S<\/span>\n\t\t\t\t\t<\/span>\n\t\t\t\t\t<\/a>\n\t\t\t\t<\/div>\n\t\t\t\t\t\t\t\t<\/div>\n\t\t\t\t<\/div>\n\t\t\t\t\t<\/div>\n\t\t\t\t<\/div>\n\t\t<div class=\"elementor-element elementor-element-77f3cb2 e-con-full e-flex e-con e-parent\" data-id=\"77f3cb2\" data-element_type=\"container\" data-settings=\"{&quot;background_background&quot;:&quot;classic&quot;}\">\n\t\t<div class=\"elementor-element elementor-element-07cc1f4 e-con-full e-flex e-con e-child\" data-id=\"07cc1f4\" data-element_type=\"container\">\n\t\t\t\t<div class=\"elementor-element elementor-element-3ea9054 elementor-widget elementor-widget-image\" data-id=\"3ea9054\" data-element_type=\"widget\" data-widget_type=\"image.default\">\n\t\t\t\t<div class=\"elementor-widget-container\">\n\t\t\t\t\t\t\t\t\t\t\t\t\t\t\t<img decoding=\"async\" width=\"644\" height=\"642\" src=\"https:\/\/espacioeducativointegral.com\/wp-content\/uploads\/2025\/02\/ellas-e1740393150448-1024x1021.jpg\" class=\"attachment-large size-large wp-image-293\" alt=\"\" srcset=\"https:\/\/espacioeducativointegral.com\/wp-content\/uploads\/2025\/02\/ellas-e1740393150448-1024x1021.jpg 1024w, https:\/\/espacioeducativointegral.com\/wp-content\/uploads\/2025\/02\/ellas-e1740393150448-300x300.jpg 300w, https:\/\/espacioeducativointegral.com\/wp-content\/uploads\/2025\/02\/ellas-e1740393150448-150x150.jpg 150w, https:\/\/espacioeducativointegral.com\/wp-content\/uploads\/2025\/02\/ellas-e1740393150448-768x766.jpg 768w, https:\/\/espacioeducativointegral.com\/wp-content\/uploads\/2025\/02\/ellas-e1740393150448-100x100.jpg 100w, https:\/\/espacioeducativointegral.com\/wp-content\/uploads\/2025\/02\/ellas-e1740393150448-600x598.jpg 600w, https:\/\/espacioeducativointegral.com\/wp-content\/uploads\/2025\/02\/ellas-e1740393150448.jpg 1120w\" sizes=\"100vw\" \/>\t\t\t\t\t\t\t\t\t\t\t\t\t\t\t<\/div>\n\t\t\t\t<\/div>\n\t\t\t\t<\/div>\n\t\t<div class=\"elementor-element elementor-element-ace0359 e-con-full e-flex e-con e-child\" data-id=\"ace0359\" data-element_type=\"container\" data-settings=\"{&quot;background_background&quot;:&quot;classic&quot;}\">\n\t\t\t\t<div class=\"elementor-element elementor-element-0c9512f elementor-widget elementor-widget-text-editor\" data-id=\"0c9512f\" data-element_type=\"widget\" data-widget_type=\"text-editor.default\">\n\t\t\t\t<div class=\"elementor-widget-container\">\n\t\t\t\t\t\t\t\t\t<p><b>\u00a1<\/b>Hola!<\/p>\n<p>Somos Yisel y Joselin, dos hermanas que crean, a partir de un sue\u00f1o compartido, este proyecto educativo que se sostiene d\u00eda a d\u00eda con mucha convicci\u00f3n y mucho amor.<span class=\"Apple-converted-space\">&nbsp;<\/span><\/p>\n<p>Ambas somos docentes hace casi 30 a\u00f1os. En nuestro camino profesional hemos incorporado cientos de aprendizajes, muchos de ellos a ra\u00edz de dificultades que hemos vivenciado tanto a nivel personal como profesional.<\/p>\n<p>En cuanto a lo estrictamente educativo, una de estas dificultades siempre ha sido la de tener que habitar espacios donde se pretendiera el cumplimiento de objetivos acad\u00e9micos, o el acercamiento del aprendizaje desde un \u00fanico modo, sin considerar las singularidades y necesidades que presentara cada individualidad con la que busc\u00e1bamos trabajar.<\/p>\n<p>Nuestro camino laboral nos condujo r\u00e1pidamente a entender que el acto de educar nos demandaba una presencia m\u00e1s profunda que la que se requiere exclusivamente&nbsp;para ense\u00f1ar. Nos requer\u00eda una presencia humana, una presencia c\u00e1lida, una presencia emocional.&nbsp;<\/p>\n<p>Hoy en d\u00eda tenemos la certeza de que el \u00e1mbito de aprendizaje y del desarrollo vital, no puede ser visto sin el contexto&nbsp;de aquel a quien procuramos acompa\u00f1ar en su transitar. Es crucial comprender que el alumnado se constituye por una heterogeneidad enorme que merece ser legitimada y tomada en cuenta a la hora de elaborar una propuesta educativa. Una heterogeneidad marcada por cientos de necesidades igual de v\u00e1lidas e importantes de considerar.<\/p>\n<p>Desde esta mirada y desde la fuerte convicci\u00f3n de que el aprendizaje necesita desplegarse en un entorno humano, amable, comprensivo, tolerante y afectuoso, es que creamos este centro educativo. Un centro que busca garantizar una educaci\u00f3n de calidad, humana, inclusiva, y accesible para las familias de clase media de nuestro pa\u00eds.<span class=\"Apple-converted-space\">&nbsp;<\/span><\/p>\t\t\t\t\t\t\t\t<\/div>\n\t\t\t\t<\/div>\n\t\t\t\t<\/div>\n\t\t\t\t<\/div>\n\t\t<div class=\"elementor-element elementor-element-723dbeb e-flex e-con-boxed e-con e-parent\" data-id=\"723dbeb\" data-element_type=\"container\" data-settings=\"{&quot;background_background&quot;:&quot;classic&quot;}\">\n\t\t\t\t\t<div class=\"e-con-inner\">\n\t\t\t\t<div class=\"elementor-element elementor-element-c9017dc elementor-align-center elementor-widget elementor-widget-button\" data-id=\"c9017dc\" data-element_type=\"widget\" data-widget_type=\"button.default\">\n\t\t\t\t<div class=\"elementor-widget-container\">\n\t\t\t\t\t\t\t\t\t<div class=\"elementor-button-wrapper\">\n\t\t\t\t\t<a class=\"elementor-button elementor-button-link elementor-size-sm\" href=\"https:\/\/espacioeducativointegral.com\/?page_id=506\">\n\t\t\t\t\t\t<span class=\"elementor-button-content-wrapper\">\n\t\t\t\t\t\t\t\t\t<span class=\"elementor-button-text\">M\u00c1S SOBRE NUESTRA HISTORIA<\/span>\n\t\t\t\t\t<\/span>\n\t\t\t\t\t<\/a>\n\t\t\t\t<\/div>\n\t\t\t\t\t\t\t\t<\/div>\n\t\t\t\t<\/div>\n\t\t\t\t\t<\/div>\n\t\t\t\t<\/div>\n\t\t<div class=\"elementor-element elementor-element-88415c8 e-flex e-con-boxed e-con e-parent\" data-id=\"88415c8\" data-element_type=\"container\" data-settings=\"{&quot;background_background&quot;:&quot;classic&quot;}\">\n\t\t\t\t\t<div class=\"e-con-inner\">\n\t\t\t\t<div class=\"elementor-element elementor-element-8d59d1a elementor-widget elementor-widget-text-editor\" data-id=\"8d59d1a\" data-element_type=\"widget\" data-widget_type=\"text-editor.default\">\n\t\t\t\t<div class=\"elementor-widget-container\">\n\t\t\t\t\t\t\t\t\t<p>Algunas palabras de familias que han sido parte de nuestro hogar<\/p>\t\t\t\t\t\t\t\t<\/div>\n\t\t\t\t<\/div>\n\t\t\t\t\t<\/div>\n\t\t\t\t<\/div>\n\t\t<div class=\"elementor-element elementor-element-1680f3b e-con-full e-flex e-con e-parent\" data-id=\"1680f3b\" data-element_type=\"container\" data-settings=\"{&quot;background_background&quot;:&quot;classic&quot;}\">\n\t\t\t\t<div class=\"elementor-element elementor-element-003241b elementor-widget elementor-widget-testimonial\" data-id=\"003241b\" data-element_type=\"widget\" data-widget_type=\"testimonial.default\">\n\t\t\t\t<div class=\"elementor-widget-container\">\n\t\t\t\t\t\t\t<div class=\"elementor-testimonial-wrapper\">\n\t\t\t\t\t\t\t<div class=\"elementor-testimonial-content\">\u201cLos alumnos vuelven, los padres repiten con segundos hijos y cada vez se fortalecen m\u00e1s los v\u00ednculos.\u201d\n<\/div>\n\t\t\t\n\t\t\t\t\t<\/div>\n\t\t\t\t\t\t<\/div>\n\t\t\t\t<\/div>\n\t\t\t\t<\/div>\n\t\t<div class=\"elementor-element elementor-element-07c8ba8 e-con-full e-flex e-con e-parent\" data-id=\"07c8ba8\" data-element_type=\"container\" data-settings=\"{&quot;background_background&quot;:&quot;classic&quot;}\">\n\t\t\t\t<div class=\"elementor-element elementor-element-60f290c elementor-widget elementor-widget-testimonial\" data-id=\"60f290c\" data-element_type=\"widget\" data-widget_type=\"testimonial.default\">\n\t\t\t\t<div class=\"elementor-widget-container\">\n\t\t\t\t\t\t\t<div class=\"elementor-testimonial-wrapper\">\n\t\t\t\t\t\t\t<div class=\"elementor-testimonial-content\">\"Desde el primer d\u00eda, el cole se convirti\u00f3 en parte de nuestro mundo. No s\u00f3lo en referencia a lo estrictamente curricular donde considero que los procesos ense\u00f1anza-aprendizaje se motivan desde una diversidad de propuestas y responsabilidad acad\u00e9mica, brindando amplias posibilidades de transitarlo sino tambi\u00e9n en aquellos aspectos que exceden lo curricular y devienen en la mirada m\u00e1s amplia e integral del proceso desarrollo de cada individuo, mirando y ocup\u00e1ndose de cada situaci\u00f3n en particular y buscando siempre el accionar corresponsable instituci\u00f3n-familia\"<\/div>\n\t\t\t\n\t\t\t\t\t<\/div>\n\t\t\t\t\t\t<\/div>\n\t\t\t\t<\/div>\n\t\t\t\t<\/div>\n\t\t<div class=\"elementor-element elementor-element-3b21eb3 e-con-full e-flex e-con e-parent\" data-id=\"3b21eb3\" data-element_type=\"container\" data-settings=\"{&quot;background_background&quot;:&quot;classic&quot;}\">\n\t\t\t\t<div class=\"elementor-element elementor-element-4e7b26c elementor-widget elementor-widget-testimonial\" data-id=\"4e7b26c\" data-element_type=\"widget\" data-widget_type=\"testimonial.default\">\n\t\t\t\t<div class=\"elementor-widget-container\">\n\t\t\t\t\t\t\t<div class=\"elementor-testimonial-wrapper\">\n\t\t\t\t\t\t\t<div class=\"elementor-testimonial-content\">\u201cSon como esa t\u00eda que malcr\u00eda con mucho amor pero poniendo l\u00edmites cuando es necesario\u201d<\/div>\n\t\t\t\n\t\t\t\t\t<\/div>\n\t\t\t\t\t\t<\/div>\n\t\t\t\t<\/div>\n\t\t\t\t<\/div>\n\t\t\t\t<\/div>\n\t\t","protected":false},"excerpt":{"rendered":"<p>Somos su segundo hogar Educar no es transferir conocimiento, ni ense\u00f1ar un m\u00e9todo o una verdad Educar es potenciar la curiosidad, la capacidad innata de crear Educar es acompa\u00f1ar a un otro a desarrollar su enorme potencialidad y a confiar plenamente en lo valioso de su ser Educar es un acto de confianza plena en &hellip; <\/p>\n<p class=\"link-more\"><a href=\"https:\/\/espacioeducativointegral.com\/\" class=\"more-link\">Continuar leyendo<span class=\"screen-reader-text\"> \u00abInicio\u00bb<\/span><\/a><\/p>\n","protected":false},"author":1,"featured_media":0,"parent":0,"menu_order":0,"comment_status":"closed","ping_status":"closed","template":"","meta":{"footnotes":""},"class_list":["post-89","page","type-page","status-publish","hentry"],"featured_media_urls":[],"_links":{"self":[{"href":"https:\/\/espacioeducativointegral.com\/index.php?rest_route=\/wp\/v2\/pages\/89","targetHints":{"allow":["GET"]}}],"collection":[{"href":"https:\/\/espacioeducativointegral.com\/index.php?rest_route=\/wp\/v2\/pages"}],"about":[{"href":"https:\/\/espacioeducativointegral.com\/index.php?rest_route=\/wp\/v2\/types\/page"}],"author":[{"embeddable":true,"href":"https:\/\/espacioeducativointegral.com\/index.php?rest_route=\/wp\/v2\/users\/1"}],"replies":[{"embeddable":true,"href":"https:\/\/espacioeducativointegral.com\/index.php?rest_route=%2Fwp%2Fv2%2Fcomments&post=89"}],"version-history":[{"count":258,"href":"https:\/\/espacioeducativointegral.com\/index.php?rest_route=\/wp\/v2\/pages\/89\/revisions"}],"predecessor-version":[{"id":1091,"href":"https:\/\/espacioeducativointegral.com\/index.php?rest_route=\/wp\/v2\/pages\/89\/revisions\/1091"}],"wp:attachment":[{"href":"https:\/\/espacioeducativointegral.com\/index.php?rest_route=%2Fwp%2Fv2%2Fmedia&parent=89"}],"curies":[{"name":"wp","href":"https:\/\/api.w.org\/{rel}","templated":true}]}}